{"id":3,"date":"2020-12-28T22:31:30","date_gmt":"2020-12-28T21:31:30","guid":{"rendered":"http:\/\/cftc-syntec.fr\/testimport\/?page_id=3"},"modified":"2021-01-28T10:35:04","modified_gmt":"2021-01-28T09:35:04","slug":"politique-de-confidentialite","status":"publish","type":"page","link":"https:\/\/cftc-syntec.fr\/testimport\/politique-de-confidentialite\/","title":{"rendered":"Politique de confidentialit\u00e9"},"content":{"rendered":"\n\n<h2>Qui sommes-nous\u00a0?<\/h2>\n\n\n\n\n\n\n\n<p>L?EUR(TM)adresse de notre site est\u00a0: <a href=\"http:\/\/cftc-syntec.fr\/testimport\">http:\/\/cftc-syntec.fr\/testimport<\/a>.<\/p>\n\n\n\n\n\n\n\n<h2>Utilisation des donn\u00e9es personnelles collect\u00e9es<\/h2>\n\n\n\n\n\n\n\n<h3>Commentaires<\/h3>\n\n\n\n\n\n\n\n<p>Le site ne permet actuellement pas le rajout de commentaires, votre adresse IP et vos informations personnelles ne sont donc pas collect\u00e9s.<\/p>\n\n<h3>M\u00e9dias<\/h3>\n\n\n\n\n\n\n\n<p>Le site ne permet actuellement pas de t\u00e9l\u00e9verser des documents.<\/p>\n\n<h3>Formulaires de contact<\/h3>\n\n\n\n\n\n\n\n<p>Le site n&rsquo;en dispose pas actuellement.<\/p>\n\n<h3>Cookies<\/h3>\n\n\n\n\n\n\n\n<p>Le site ne dispose pas de page de connexion et ne g\u00e8re donc pas de cookie.<\/p>\n\n<h3>Contenu embarqu\u00e9 depuis d?EUR(TM)autres sites<\/h3>\n\n\n\n\n\n\n\n<p>Les articles de ce site peuvent inclure des contenus int\u00e9gr\u00e9s (par exemple des vid\u00e9os, images, articles?EUR?). Le contenu int\u00e9gr\u00e9 depuis d?EUR(TM)autres sites se comporte de la m\u00eame mani\u00e8re que si le visiteur se rendait sur cet autre site.<\/p>\n\n\n\n\n\n\n\n<p>Ces sites web pourraient collecter des donn\u00e9es sur vous, utiliser des cookies, embarquer des outils de suivis tiers, suivre vos interactions avec ces contenus embarqu\u00e9s si vous disposez d?EUR(TM)un compte connect\u00e9 sur leur site web.<\/p>\n\n\n\n\n\n\n\n<h3>Statistiques et mesures d?EUR(TM)audience<\/h3>\n\n\n\n\n\n\n\n<h2>Utilisation et transmission de vos donn\u00e9es personnelles<\/h2>\n\n\n\n\n\n\n\n<p>Le site ne dispose actuellement pas de possibilit\u00e9 de connexion et donc ne dispose pas d&rsquo;espace r\u00e9serv\u00e9.<\/p>\n\n<h2>Dur\u00e9es de stockage de vos donn\u00e9es et droits concern\u00e9s<\/h2>\n\n<p>Pas de donn\u00e9es conserv\u00e9es \u00e0 part les cookies.<\/p>\n\n","protected":false},"excerpt":{"rendered":"<p>Qui sommes-nous\u00a0? L?EUR(TM)adresse de notre site est\u00a0: http:\/\/cftc-syntec.fr\/testimport. Utilisation des donn\u00e9es personnelles collect\u00e9es Commentaires Le site ne permet actuellement pas le rajout de commentaires, votre adresse IP et vos informations personnelles ne sont donc pas collect\u00e9s. M\u00e9dias Le site ne permet actuellement pas de t\u00e9l\u00e9verser des documents. Formulaires de contact Le site n&rsquo;en dispose pas [&hellip;]<\/p>\n","protected":false},"author":1,"featured_media":0,"parent":0,"menu_order":0,"comment_status":"closed","ping_status":"open","template":"","meta":[],"_links":{"self":[{"href":"https:\/\/cftc-syntec.fr\/testimport\/wp-json\/wp\/v2\/pages\/3"}],"collection":[{"href":"https:\/\/cftc-syntec.fr\/testimport\/wp-json\/wp\/v2\/pages"}],"about":[{"href":"https:\/\/cftc-syntec.fr\/testimport\/wp-json\/wp\/v2\/types\/page"}],"author":[{"embeddable":true,"href":"https:\/\/cftc-syntec.fr\/testimport\/wp-json\/wp\/v2\/users\/1"}],"replies":[{"embeddable":true,"href":"https:\/\/cftc-syntec.fr\/testimport\/wp-json\/wp\/v2\/comments?post=3"}],"version-history":[{"count":0,"href":"https:\/\/cftc-syntec.fr\/testimport\/wp-json\/wp\/v2\/pages\/3\/revisions"}],"wp:attachment":[{"href":"https:\/\/cftc-syntec.fr\/testimport\/wp-json\/wp\/v2\/media?parent=3"}],"curies":[{"name":"wp","href":"https:\/\/api.w.org\/{rel}","templated":true}]}}